{"id":15,"date":"2015-12-04T10:32:02","date_gmt":"2015-12-04T10:32:02","guid":{"rendered":"http:\/\/pollogomezfolk.com\/?page_id=15"},"modified":"2016-02-17T10:42:50","modified_gmt":"2016-02-17T10:42:50","slug":"filosofia","status":"publish","type":"page","link":"https:\/\/happydaysburgos.com\/?page_id=15","title":{"rendered":"Filosofia"},"content":{"rendered":"<div id=\"su_slider_69e75cfa94264\" class=\"su-slider su-slider-centered su-slider-pages-yes su-slider-responsive-yes\" style=\"width:100%\" data-autoplay=\"3000\" data-speed=\"600\" data-mousewheel=\"true\"><div class=\"su-slider-slides\"><div class=\"su-slider-slide\"><a><img decoding=\"async\" src=\"https:\/\/happydaysburgos.com\/wp-content\/uploads\/2016\/02\/IMG_5790-600x170.jpg\" alt=\"IMG_5790\" \/><\/a><\/div><div class=\"su-slider-slide\"><a><img decoding=\"async\" src=\"https:\/\/happydaysburgos.com\/wp-content\/uploads\/2016\/02\/IMG_5815-600x170.jpg\" alt=\"IMG_5815\" \/><\/a><\/div><\/div><div class=\"su-slider-nav\"><div class=\"su-slider-direction\"><span class=\"su-slider-prev\"><\/span><span class=\"su-slider-next\"><\/span><\/div><div class=\"su-slider-pagination\"><\/div><\/div><\/div>\n<h3 style=\"text-align: center;\"><span style=\"color: #2b5925;\"><b>Porque no hay dos ni\u00f1os iguales .. aqu\u00ed tienes una educaci\u00f3n diferente.<\/b><\/span><\/h3>\n<h3 style=\"text-align: center;\"><span style=\"color: #2b5925;\"><b>\u00a1\u00a1\u00a0Deja que tu hij@ sea el protagonista de su educaci\u00f3n !!<\/b><\/span><\/h3>\n","protected":false},"excerpt":{"rendered":"<p>Porque no hay dos ni\u00f1os iguales .. aqu\u00ed tienes una educaci\u00f3n diferente. \u00a1\u00a1\u00a0Deja que tu hij@ sea el protagonista de su educaci\u00f3n !!<\/p>\n","protected":false},"author":2,"featured_media":0,"parent":0,"menu_order":0,"comment_status":"closed","ping_status":"closed","template":"","meta":{"footnotes":""},"class_list":["post-15","page","type-page","status-publish","hentry"],"_links":{"self":[{"href":"https:\/\/happydaysburgos.com\/index.php?rest_route=\/wp\/v2\/pages\/15","targetHints":{"allow":["GET"]}}],"collection":[{"href":"https:\/\/happydaysburgos.com\/index.php?rest_route=\/wp\/v2\/pages"}],"about":[{"href":"https:\/\/happydaysburgos.com\/index.php?rest_route=\/wp\/v2\/types\/page"}],"author":[{"embeddable":true,"href":"https:\/\/happydaysburgos.com\/index.php?rest_route=\/wp\/v2\/users\/2"}],"replies":[{"embeddable":true,"href":"https:\/\/happydaysburgos.com\/index.php?rest_route=%2Fwp%2Fv2%2Fcomments&post=15"}],"version-history":[{"count":26,"href":"https:\/\/happydaysburgos.com\/index.php?rest_route=\/wp\/v2\/pages\/15\/revisions"}],"predecessor-version":[{"id":333,"href":"https:\/\/happydaysburgos.com\/index.php?rest_route=\/wp\/v2\/pages\/15\/revisions\/333"}],"wp:attachment":[{"href":"https:\/\/happydaysburgos.com\/index.php?rest_route=%2Fwp%2Fv2%2Fmedia&parent=15"}],"curies":[{"name":"wp","href":"https:\/\/api.w.org\/{rel}","templated":true}]}}